{"id":2,"date":"2017-01-10T13:33:07","date_gmt":"2017-01-10T12:33:07","guid":{"rendered":"http:\/\/www.blutbuche.de\/Blutbuche1\/?page_id=2"},"modified":"2017-01-14T10:22:21","modified_gmt":"2017-01-14T09:22:21","slug":"wohnanlage","status":"publish","type":"page","link":"https:\/\/www.blutbuche.de\/Blutbuche1\/wohnanlage\/","title":{"rendered":"Die Wohnanlage"},"content":{"rendered":"<p><span style=\"font-size: 12pt;\">Die <strong>SeniorenResidenz<\/strong> <strong>Frankfurter Hof<\/strong> befindet sich in der Butzbacher Innenstadt, nur wenige Schritte von Fussg\u00e4ngerzone, Bahnhof und allen relevanten Dienstleistern &#8211; Banken, Restaurants, \u00c4rzten, Apotheken, Nahversorgungsgesch\u00e4ften etc. &#8211; entfernt. Sein historisches Ambiente, die ruhige Lage mit Blick ins Gr\u00fcne, die Einbindung der Seniorenwohnungen in ein normales Wohnumfeld haben den Frankfurter Hof zur ersten Adresse f\u00fcr das \u201eseniorengerechte Wohnen\u201c in Butzbach werden lassen. Wodurch wir uns dieses Ansehen erworben haben, erfahren Sie auf den folgenden Seiten.<\/span><\/p>\n<p><span style=\"font-size: 12pt;\"><img data-recalc-dims=\"1\" loading=\"lazy\" decoding=\"async\" data-attachment-id=\"123\" data-permalink=\"https:\/\/www.blutbuche.de\/Blutbuche1\/wohnanlage\/weiselerhp38\/\" data-orig-file=\"https:\/\/i0.wp.com\/www.blutbuche.de\/Blutbuche1\/wp-content\/uploads\/2017\/01\/WeiselerHP38.jpg?fit=800%2C600&amp;ssl=1\" data-orig-size=\"800,600\" data-comments-opened=\"1\" data-image-meta=\"{&quot;aperture&quot;:&quot;3.2&quot;,&quot;credit&quot;:&quot;&quot;,&quot;camera&quot;:&quot;Canon DIGITAL IXUS 950 IS&quot;,&quot;caption&quot;:&quot;&quot;,&quot;created_timestamp&quot;:&quot;1248292302&quot;,&quot;copyright&quot;:&quot;&quot;,&quot;focal_length&quot;:&quot;7.466&quot;,&quot;iso&quot;:&quot;80&quot;,&quot;shutter_speed&quot;:&quot;0.00625&quot;,&quot;title&quot;:&quot;&quot;,&quot;orientation&quot;:&quot;1&quot;}\" data-image-title=\"WeiselerHP38\" data-image-description=\"\" data-image-caption=\"\" data-large-file=\"https:\/\/i0.wp.com\/www.blutbuche.de\/Blutbuche1\/wp-content\/uploads\/2017\/01\/WeiselerHP38.jpg?fit=640%2C480&amp;ssl=1\" class=\"alignright wp-image-123 size-daniela-porfolio-archive\" src=\"https:\/\/i0.wp.com\/www.blutbuche.de\/Blutbuche1\/wp-content\/uploads\/2017\/01\/WeiselerHP38.jpg?resize=524%2C339&#038;ssl=1\" width=\"524\" height=\"339\" \/><\/span><\/p>\n<p><span style=\"font-size: 12pt;\">Unsere Wohnanlage besteht aus elf seniorengerechten und sieben \u201enormalen\u201c Wohnungen. Au\u00dferdem beherbergt sie eine Tagespflegeeinrichtung des ASB, einen Friseur und ein Steuerberaterb\u00fcro. Selbstverst\u00e4ndlich hielten wir uns an die DIN-Normen 18024-2 (Au\u00dfenanlagen) und 18025 (senioren- und behindertengerechtes Wohnen).<\/span><\/p>\n<p><span style=\"font-size: 12pt;\">Die im Jahr 2000 errichteten Wohngeb\u00e4ude und die Einrichtung des Arbeiter-Samariter-Bundes (ASB) bilden in Architektur und Kubatur das ehemalige Hofensemble des an der Weiseler Stra\u00dfe gelegenen, denkmalgesch\u00fctzten Frankfurter Hofes nach. Die besondere Architektur des Hofareals bedingt einen individuellen Zuschnitt der einzelnen Wohnungen.<\/span><\/p>\n<p><span style=\"font-size: 12pt;\">Den Bewohnern stehen im Hof Parkpl\u00e4tze zur Verf\u00fcgung. Im Keller (Aufzug) gibt es auch Ladestationen f\u00fcr elektrische Rollst\u00fchle.<\/span><\/p>\n<p><span style=\"font-size: 12pt;\">Der <strong>Frankfurter Hof<\/strong>, ein verputztes Fachwerkhaus aus dem Jahre 1803, war das erste Wohn- und Gesch\u00e4ftshaus au\u00dferhalb der Butzbacher Stadtmauern.<\/span><\/p>\n<p><span style=\"font-size: 12pt;\">Gegen\u00fcber dem Frankfurter Hof stehen die Wendelinskapelle (die \u00e4lteste Fachwerkkirche Hessens, in der mitunter Konzerte stattfinden) und das Hotel Hessischer Hof. Das Hotel bietet Ihren G\u00e4sten preiswerte Zimmer.<\/span><\/p>\n<p><span style=\"font-size: 12pt;\">Gerne nutzen unsere Bewohner die R\u00e4ume des ASB zu Familienfeiern oder gemeinsamen Veranstaltungen. Von den Balkons des Haupthauses blicken Sie in einen ruhigen Garten, der von einer herrlichen, 150 Jahre alten Blutbuche dominiert wird.<\/span><\/p>\n","protected":false},"excerpt":{"rendered":"<p>Die SeniorenResidenz Frankfurter Hof befindet sich in der Butzbacher Innenstadt, nur wenige Schritte von Fussg\u00e4ngerzone, Bahnhof und allen relevanten Dienstleistern &#8211; Banken, Restaurants, \u00c4rzten, Apotheken, Nahversorgungsgesch\u00e4ften etc. &#8211; entfernt. Sein historisches Ambiente, die ruhige Lage mit Blick ins Gr\u00fcne, die Einbindung der Seniorenwohnungen in ein normales Wohnumfeld haben den Frankfurter Hof zur ersten Adresse f\u00fcr [&hellip;]<\/p>\n","protected":false},"author":1,"featured_media":0,"parent":0,"menu_order":0,"comment_status":"closed","ping_status":"open","template":"","meta":{"jetpack_post_was_ever_published":false,"footnotes":""},"class_list":["post-2","page","type-page","status-publish","hentry"],"jetpack_sharing_enabled":false,"jetpack_shortlink":"https:\/\/wp.me\/P8ht9i-2","jetpack-related-posts":[],"_links":{"self":[{"href":"https:\/\/www.blutbuche.de\/Blutbuche1\/wp-json\/wp\/v2\/pages\/2","targetHints":{"allow":["GET"]}}],"collection":[{"href":"https:\/\/www.blutbuche.de\/Blutbuche1\/wp-json\/wp\/v2\/pages"}],"about":[{"href":"https:\/\/www.blutbuche.de\/Blutbuche1\/wp-json\/wp\/v2\/types\/page"}],"author":[{"embeddable":true,"href":"https:\/\/www.blutbuche.de\/Blutbuche1\/wp-json\/wp\/v2\/users\/1"}],"replies":[{"embeddable":true,"href":"https:\/\/www.blutbuche.de\/Blutbuche1\/wp-json\/wp\/v2\/comments?post=2"}],"version-history":[{"count":9,"href":"https:\/\/www.blutbuche.de\/Blutbuche1\/wp-json\/wp\/v2\/pages\/2\/revisions"}],"predecessor-version":[{"id":64,"href":"https:\/\/www.blutbuche.de\/Blutbuche1\/wp-json\/wp\/v2\/pages\/2\/revisions\/64"}],"wp:attachment":[{"href":"https:\/\/www.blutbuche.de\/Blutbuche1\/wp-json\/wp\/v2\/media?parent=2"}],"curies":[{"name":"wp","href":"https:\/\/api.w.org\/{rel}","templated":true}]}}