{"id":66,"date":"2017-01-10T19:34:59","date_gmt":"2017-01-10T18:34:59","guid":{"rendered":"http:\/\/www.blutbuche.de\/Blutbuche1\/?page_id=66"},"modified":"2017-01-14T10:32:13","modified_gmt":"2017-01-14T09:32:13","slug":"ihre-wohnung","status":"publish","type":"page","link":"https:\/\/www.blutbuche.de\/Blutbuche1\/ihre-wohnung\/","title":{"rendered":"Ihre Wohnung"},"content":{"rendered":"<p><strong>Die Wohnungsausstattung<\/strong><\/p>\n<p><span style=\"font-size: 12pt;\">Die Ausstattung unserer Wohnungen im Frankfurter Hof ist hochwertig und zeitgem\u00e4\u00df. Dazu geh\u00f6ren standardm\u00e4\u00dfig:<br \/>\n<\/span><\/p>\n<ul>\n<li><span style=\"font-size: 12pt;\">1 oder 2 Zimmer, K\u00fcche, Bad, Abstellkammer<br \/>\n<\/span><\/li>\n<li><span style=\"font-size: 12pt;\"><img data-recalc-dims=\"1\" loading=\"lazy\" decoding=\"async\" data-attachment-id=\"111\" data-permalink=\"https:\/\/www.blutbuche.de\/Blutbuche1\/wohnanlage\/05a\/\" data-orig-file=\"https:\/\/i0.wp.com\/www.blutbuche.de\/Blutbuche1\/wp-content\/uploads\/2017\/01\/05a.jpg?fit=2048%2C1536&amp;ssl=1\" data-orig-size=\"2048,1536\" data-comments-opened=\"1\" data-image-meta=\"{&quot;aperture&quot;:&quot;2.8&quot;,&quot;credit&quot;:&quot;&quot;,&quot;camera&quot;:&quot;C740UZ&quot;,&quot;caption&quot;:&quot;&quot;,&quot;created_timestamp&quot;:&quot;-62169984000&quot;,&quot;copyright&quot;:&quot;&quot;,&quot;focal_length&quot;:&quot;6.3&quot;,&quot;iso&quot;:&quot;200&quot;,&quot;shutter_speed&quot;:&quot;0.033333333333333&quot;,&quot;title&quot;:&quot;&quot;,&quot;orientation&quot;:&quot;1&quot;}\" data-image-title=\"05a\" data-image-description=\"\" data-image-caption=\"\" data-large-file=\"https:\/\/i0.wp.com\/www.blutbuche.de\/Blutbuche1\/wp-content\/uploads\/2017\/01\/05a.jpg?fit=640%2C480&amp;ssl=1\" class=\"alignright  wp-image-111\" src=\"https:\/\/i0.wp.com\/www.blutbuche.de\/Blutbuche1\/wp-content\/uploads\/2017\/01\/05a.jpg?resize=327%2C245&#038;ssl=1\" alt=\"\" width=\"327\" height=\"245\" srcset=\"https:\/\/i0.wp.com\/www.blutbuche.de\/Blutbuche1\/wp-content\/uploads\/2017\/01\/05a.jpg?resize=300%2C225&amp;ssl=1 300w, https:\/\/i0.wp.com\/www.blutbuche.de\/Blutbuche1\/wp-content\/uploads\/2017\/01\/05a.jpg?resize=768%2C576&amp;ssl=1 768w, https:\/\/i0.wp.com\/www.blutbuche.de\/Blutbuche1\/wp-content\/uploads\/2017\/01\/05a.jpg?resize=1024%2C768&amp;ssl=1 1024w, https:\/\/i0.wp.com\/www.blutbuche.de\/Blutbuche1\/wp-content\/uploads\/2017\/01\/05a.jpg?resize=100%2C75&amp;ssl=1 100w, https:\/\/i0.wp.com\/www.blutbuche.de\/Blutbuche1\/wp-content\/uploads\/2017\/01\/05a.jpg?w=2048&amp;ssl=1 2048w, https:\/\/i0.wp.com\/www.blutbuche.de\/Blutbuche1\/wp-content\/uploads\/2017\/01\/05a.jpg?w=1280&amp;ssl=1 1280w, https:\/\/i0.wp.com\/www.blutbuche.de\/Blutbuche1\/wp-content\/uploads\/2017\/01\/05a.jpg?w=1920&amp;ssl=1 1920w\" sizes=\"auto, (max-width: 327px) 100vw, 327px\" \/>Parkett- oder Laminatboden, Fu\u00dfbodenheizung mit Heizk\u00f6rperunterst\u00fctzung<\/span><\/li>\n<li><span style=\"font-size: 12pt;\">im Bad: ebenerdige Dusche, behindertengerechte Sanit\u00e4reinrichtungen, Spiegel, Waschmaschinenanschluss, HEWI-St\u00fctzen z.T. vormontiert<\/span><\/li>\n<li><span style=\"font-size: 12pt;\">in der K\u00fcche: vollwertige Einbauk\u00fcche mit Backofen, Vierplattenherd, K\u00fchlschrank, Sp\u00fcle, Dunstabzugshaube, Schr\u00e4nke<\/span><\/li>\n<li><span style=\"font-size: 12pt;\">im Wohnbereich: TV- und Telefonanschluss, Balkon\/Terrasse<\/span><\/li>\n<li><span style=\"font-size: 12pt;\">bodentiefe (franz\u00f6sische) Fenster und extrabreite T\u00fcren<\/span><\/li>\n<li><span style=\"font-size: 12pt;\">hebelgesicherte Wohnungst\u00fcr mit Guckfenster<\/span><\/li>\n<li><span style=\"font-size: 12pt;\">Klingel- und Gegensprechanlage, Briefkasten<\/span><\/li>\n<li><span style=\"font-size: 12pt;\">abschlie\u00dfbares Kellerabteil mit Steckdose<\/span><\/li>\n<li><span style=\"font-size: 12pt;\">und anderes mehr &#8230;<\/span><\/li>\n<\/ul>\n<p><span style=\"font-size: 12pt;\">Unsere Wohnungsgr\u00f6\u00dfen zwischen 48 und 62 qm haben sich als ideal herausgestellt.\u00a0 Sie sind gro\u00df genug f\u00fcr Ihre wichtigsten M\u00f6bel und ein unbeengtes Leben. Und sie sind so klein, dass das Putzen und Herumlaufen nicht zur Last wird.<\/span><\/p>\n","protected":false},"excerpt":{"rendered":"<p>Die Wohnungsausstattung Die Ausstattung unserer Wohnungen im Frankfurter Hof ist hochwertig und zeitgem\u00e4\u00df. Dazu geh\u00f6ren standardm\u00e4\u00dfig: 1 oder 2 Zimmer, K\u00fcche, Bad, Abstellkammer Parkett- oder Laminatboden, Fu\u00dfbodenheizung mit Heizk\u00f6rperunterst\u00fctzung im Bad: ebenerdige Dusche, behindertengerechte Sanit\u00e4reinrichtungen, Spiegel, Waschmaschinenanschluss, HEWI-St\u00fctzen z.T. vormontiert in der K\u00fcche: vollwertige Einbauk\u00fcche mit Backofen, Vierplattenherd, K\u00fchlschrank, Sp\u00fcle, Dunstabzugshaube, Schr\u00e4nke im Wohnbereich: TV- [&hellip;]<\/p>\n","protected":false},"author":1,"featured_media":0,"parent":0,"menu_order":0,"comment_status":"closed","ping_status":"closed","template":"page-templates\/full-width.php","meta":{"jetpack_post_was_ever_published":false,"footnotes":""},"class_list":["post-66","page","type-page","status-publish","hentry"],"jetpack_sharing_enabled":true,"jetpack_shortlink":"https:\/\/wp.me\/P8ht9i-14","jetpack-related-posts":[],"_links":{"self":[{"href":"https:\/\/www.blutbuche.de\/Blutbuche1\/wp-json\/wp\/v2\/pages\/66","targetHints":{"allow":["GET"]}}],"collection":[{"href":"https:\/\/www.blutbuche.de\/Blutbuche1\/wp-json\/wp\/v2\/pages"}],"about":[{"href":"https:\/\/www.blutbuche.de\/Blutbuche1\/wp-json\/wp\/v2\/types\/page"}],"author":[{"embeddable":true,"href":"https:\/\/www.blutbuche.de\/Blutbuche1\/wp-json\/wp\/v2\/users\/1"}],"replies":[{"embeddable":true,"href":"https:\/\/www.blutbuche.de\/Blutbuche1\/wp-json\/wp\/v2\/comments?post=66"}],"version-history":[{"count":9,"href":"https:\/\/www.blutbuche.de\/Blutbuche1\/wp-json\/wp\/v2\/pages\/66\/revisions"}],"predecessor-version":[{"id":138,"href":"https:\/\/www.blutbuche.de\/Blutbuche1\/wp-json\/wp\/v2\/pages\/66\/revisions\/138"}],"wp:attachment":[{"href":"https:\/\/www.blutbuche.de\/Blutbuche1\/wp-json\/wp\/v2\/media?parent=66"}],"curies":[{"name":"wp","href":"https:\/\/api.w.org\/{rel}","templated":true}]}}