{"id":7,"date":"2017-01-10T13:43:42","date_gmt":"2017-01-10T12:43:42","guid":{"rendered":"http:\/\/www.blutbuche.de\/Blutbuche1\/?page_id=7"},"modified":"2017-01-14T10:33:12","modified_gmt":"2017-01-14T09:33:12","slug":"startseite","status":"publish","type":"page","link":"https:\/\/www.blutbuche.de\/Blutbuche1\/","title":{"rendered":"Willkommen!"},"content":{"rendered":"<p><span style=\"font-size: 12pt;\"><strong>Was tun, wenn die Kinder l\u00e4ngst ausgezogen sind, Ihre Wohnung zu still und der Garten zu gro\u00df geworden ist? Und wenn Ihr Bed\u00fcrfnis nach mehr Komfort und Geborgenheit w\u00e4chst? <\/strong><br \/>\n<\/span><\/p>\n<p><span style=\"font-size: 12pt;\"><img data-recalc-dims=\"1\" loading=\"lazy\" decoding=\"async\" data-attachment-id=\"120\" data-permalink=\"https:\/\/www.blutbuche.de\/Blutbuche1\/wohnanlage\/weiselerhp25\/\" data-orig-file=\"https:\/\/i0.wp.com\/www.blutbuche.de\/Blutbuche1\/wp-content\/uploads\/2017\/01\/WeiselerHP25.jpg?fit=480%2C360&amp;ssl=1\" data-orig-size=\"480,360\" data-comments-opened=\"1\" data-image-meta=\"{&quot;aperture&quot;:&quot;3.5&quot;,&quot;credit&quot;:&quot;&quot;,&quot;camera&quot;:&quot;C740UZ&quot;,&quot;caption&quot;:&quot;&quot;,&quot;created_timestamp&quot;:&quot;-62169984000&quot;,&quot;copyright&quot;:&quot;&quot;,&quot;focal_length&quot;:&quot;6.3&quot;,&quot;iso&quot;:&quot;64&quot;,&quot;shutter_speed&quot;:&quot;0.016666666666667&quot;,&quot;title&quot;:&quot;&quot;,&quot;orientation&quot;:&quot;1&quot;}\" data-image-title=\"WeiselerHP25\" data-image-description=\"\" data-image-caption=\"\" data-large-file=\"https:\/\/i0.wp.com\/www.blutbuche.de\/Blutbuche1\/wp-content\/uploads\/2017\/01\/WeiselerHP25.jpg?fit=480%2C360&amp;ssl=1\" class=\"alignright  wp-image-120\" src=\"https:\/\/i0.wp.com\/www.blutbuche.de\/Blutbuche1\/wp-content\/uploads\/2017\/01\/WeiselerHP25.jpg?resize=331%2C248&#038;ssl=1\" alt=\"\" width=\"331\" height=\"248\" srcset=\"https:\/\/i0.wp.com\/www.blutbuche.de\/Blutbuche1\/wp-content\/uploads\/2017\/01\/WeiselerHP25.jpg?resize=300%2C225&amp;ssl=1 300w, https:\/\/i0.wp.com\/www.blutbuche.de\/Blutbuche1\/wp-content\/uploads\/2017\/01\/WeiselerHP25.jpg?resize=100%2C75&amp;ssl=1 100w, https:\/\/i0.wp.com\/www.blutbuche.de\/Blutbuche1\/wp-content\/uploads\/2017\/01\/WeiselerHP25.jpg?w=480&amp;ssl=1 480w\" sizes=\"auto, (max-width: 331px) 100vw, 331px\" \/>Die von uns angebotene Wohnform des seniorengerechten Wohnens bietet die M\u00f6glichkeit, Zeit f\u00fcr sich zu gewinnen und das Leben in den eigenen vier W\u00e4nden selbst zu gestalten. Das Wissen, auf Wunsch oder bei Bedarf auch behandlungspflegerische Leistungen anfordern zu k\u00f6nnen, bietet ein Gef\u00fchl der Sicherheit.<\/span><\/p>\n<p><span style=\"font-size: 12pt;\">Lassen Sie sich durch unsere Wohnanlage f\u00fchren und entscheiden Sie dann, ob Sie bei uns richtig sind.<\/span><\/p>\n","protected":false},"excerpt":{"rendered":"<p>Was tun, wenn die Kinder l\u00e4ngst ausgezogen sind, Ihre Wohnung zu still und der Garten zu gro\u00df geworden ist? Und wenn Ihr Bed\u00fcrfnis nach mehr Komfort und Geborgenheit w\u00e4chst? Die von uns angebotene Wohnform des seniorengerechten Wohnens bietet die M\u00f6glichkeit, Zeit f\u00fcr sich zu gewinnen und das Leben in den eigenen vier W\u00e4nden selbst zu [&hellip;]<\/p>\n","protected":false},"author":1,"featured_media":0,"parent":0,"menu_order":0,"comment_status":"closed","ping_status":"closed","template":"","meta":{"jetpack_post_was_ever_published":false,"footnotes":""},"class_list":["post-7","page","type-page","status-publish","hentry"],"jetpack_sharing_enabled":true,"jetpack_shortlink":"https:\/\/wp.me\/P8ht9i-7","jetpack-related-posts":[],"_links":{"self":[{"href":"https:\/\/www.blutbuche.de\/Blutbuche1\/wp-json\/wp\/v2\/pages\/7","targetHints":{"allow":["GET"]}}],"collection":[{"href":"https:\/\/www.blutbuche.de\/Blutbuche1\/wp-json\/wp\/v2\/pages"}],"about":[{"href":"https:\/\/www.blutbuche.de\/Blutbuche1\/wp-json\/wp\/v2\/types\/page"}],"author":[{"embeddable":true,"href":"https:\/\/www.blutbuche.de\/Blutbuche1\/wp-json\/wp\/v2\/users\/1"}],"replies":[{"embeddable":true,"href":"https:\/\/www.blutbuche.de\/Blutbuche1\/wp-json\/wp\/v2\/comments?post=7"}],"version-history":[{"count":9,"href":"https:\/\/www.blutbuche.de\/Blutbuche1\/wp-json\/wp\/v2\/pages\/7\/revisions"}],"predecessor-version":[{"id":168,"href":"https:\/\/www.blutbuche.de\/Blutbuche1\/wp-json\/wp\/v2\/pages\/7\/revisions\/168"}],"wp:attachment":[{"href":"https:\/\/www.blutbuche.de\/Blutbuche1\/wp-json\/wp\/v2\/media?parent=7"}],"curies":[{"name":"wp","href":"https:\/\/api.w.org\/{rel}","templated":true}]}}